{"id":80,"date":"2018-08-27T13:01:59","date_gmt":"2018-08-27T13:01:59","guid":{"rendered":"https:\/\/www.fiskiyemarketi.com\/?post_type=product&#038;p=80"},"modified":"2025-11-26T08:20:17","modified_gmt":"2025-11-26T08:20:17","slug":"13-3t","status":"publish","type":"product","link":"https:\/\/www.fiskiyemarketi.com\/?product=13-3t","title":{"rendered":"10-12T"},"content":{"rendered":"<p>1&#8221; giri\u015fli pirin\u00e7 malzeme \u00fczeri krom kaplama<\/p>\n","protected":false},"excerpt":{"rendered":"<h3 class=\"product_title entry-title\">2&#8221;<\/h3>\n","protected":false},"featured_media":394,"comment_status":"closed","ping_status":"closed","template":"","meta":[],"product_cat":[15,17,32],"product_tag":[196,197,165,183,185,181,182,160,194,162,172,169,184,187,190,163,168,171,180,158,173,191,193,189,192,166,167,170,164,188,67,195],"_links":{"self":[{"href":"https:\/\/www.fiskiyemarketi.com\/index.php?rest_route=\/wp\/v2\/product\/80"}],"collection":[{"href":"https:\/\/www.fiskiyemarketi.com\/index.php?rest_route=\/wp\/v2\/product"}],"about":[{"href":"https:\/\/www.fiskiyemarketi.com\/index.php?rest_route=\/wp\/v2\/types\/product"}],"replies":[{"embeddable":true,"href":"https:\/\/www.fiskiyemarketi.com\/index.php?rest_route=%2Fwp%2Fv2%2Fcomments&post=80"}],"wp:featuredmedia":[{"embeddable":true,"href":"https:\/\/www.fiskiyemarketi.com\/index.php?rest_route=\/wp\/v2\/media\/394"}],"wp:attachment":[{"href":"https:\/\/www.fiskiyemarketi.com\/index.php?rest_route=%2Fwp%2Fv2%2Fmedia&parent=80"}],"wp:term":[{"taxonomy":"product_cat","embeddable":true,"href":"https:\/\/www.fiskiyemarketi.com\/index.php?rest_route=%2Fwp%2Fv2%2Fproduct_cat&post=80"},{"taxonomy":"product_tag","embeddable":true,"href":"https:\/\/www.fiskiyemarketi.com\/index.php?rest_route=%2Fwp%2Fv2%2Fproduct_tag&post=80"}],"curies":[{"name":"wp","href":"https:\/\/api.w.org\/{rel}","templated":true}]}}