{"id":74,"date":"2018-08-27T12:57:10","date_gmt":"2018-08-27T12:57:10","guid":{"rendered":"https:\/\/www.fiskiyemarketi.com\/?post_type=product&#038;p=74"},"modified":"2024-01-09T12:23:46","modified_gmt":"2024-01-09T12:23:46","slug":"tek-jetli-11-2-girisli","status":"publish","type":"product","link":"https:\/\/www.fiskiyemarketi.com\/?product=tek-jetli-11-2-girisli","title":{"rendered":"TEK JETL\u0130 11\/2\u201d G\u0130R\u0130\u015eL\u0130"},"content":{"rendered":"<p>1 1\/2&#8221; giri\u015fli pirin\u00e7 malzeme \u00fczeri tek jetli<\/p>\n","protected":false},"excerpt":{"rendered":"<h3 class=\"product_title entry-title\">TEK JETL\u0130 11\/2\u201d G\u0130R\u0130\u015eL\u0130<\/h3>\n","protected":false},"featured_media":399,"comment_status":"closed","ping_status":"closed","template":"","meta":[],"product_cat":[15,17,32],"product_tag":[196,197,165,183,185,181,182,160,194,162,172,169,184,187,190,163,168,171,180,158,173,191,193,189,192,166,167,170,164,44,188,195],"_links":{"self":[{"href":"https:\/\/www.fiskiyemarketi.com\/index.php?rest_route=\/wp\/v2\/product\/74"}],"collection":[{"href":"https:\/\/www.fiskiyemarketi.com\/index.php?rest_route=\/wp\/v2\/product"}],"about":[{"href":"https:\/\/www.fiskiyemarketi.com\/index.php?rest_route=\/wp\/v2\/types\/product"}],"replies":[{"embeddable":true,"href":"https:\/\/www.fiskiyemarketi.com\/index.php?rest_route=%2Fwp%2Fv2%2Fcomments&post=74"}],"wp:featuredmedia":[{"embeddable":true,"href":"https:\/\/www.fiskiyemarketi.com\/index.php?rest_route=\/wp\/v2\/media\/399"}],"wp:attachment":[{"href":"https:\/\/www.fiskiyemarketi.com\/index.php?rest_route=%2Fwp%2Fv2%2Fmedia&parent=74"}],"wp:term":[{"taxonomy":"product_cat","embeddable":true,"href":"https:\/\/www.fiskiyemarketi.com\/index.php?rest_route=%2Fwp%2Fv2%2Fproduct_cat&post=74"},{"taxonomy":"product_tag","embeddable":true,"href":"https:\/\/www.fiskiyemarketi.com\/index.php?rest_route=%2Fwp%2Fv2%2Fproduct_tag&post=74"}],"curies":[{"name":"wp","href":"https:\/\/api.w.org\/{rel}","templated":true}]}}