{"id":722,"date":"2025-11-24T12:22:30","date_gmt":"2025-11-24T12:22:30","guid":{"rendered":"https:\/\/www.fiskiyemarketi.com\/?post_type=product&#038;p=722"},"modified":"2025-11-24T12:32:53","modified_gmt":"2025-11-24T12:32:53","slug":"4x8x1-5-m-fiberglass-yuzme-havuzu-kopya","status":"publish","type":"product","link":"https:\/\/www.fiskiyemarketi.com\/?product=4x8x1-5-m-fiberglass-yuzme-havuzu-kopya","title":{"rendered":"4X8X1.5 M F\u0130BERGLASS Y\u00dcZME HAVUZU"},"content":{"rendered":"","protected":false},"excerpt":{"rendered":"<p>fiberglass y\u00fczme havuzu<\/p>\n<p>polyester havuz<\/p>\n","protected":false},"featured_media":733,"comment_status":"closed","ping_status":"closed","template":"","meta":[],"product_cat":[15,81],"product_tag":[165,179,217,221,222,160,162,172,169,218,163,168,171,158,173,216,220,166,167,170,164],"_links":{"self":[{"href":"https:\/\/www.fiskiyemarketi.com\/index.php?rest_route=\/wp\/v2\/product\/722"}],"collection":[{"href":"https:\/\/www.fiskiyemarketi.com\/index.php?rest_route=\/wp\/v2\/product"}],"about":[{"href":"https:\/\/www.fiskiyemarketi.com\/index.php?rest_route=\/wp\/v2\/types\/product"}],"replies":[{"embeddable":true,"href":"https:\/\/www.fiskiyemarketi.com\/index.php?rest_route=%2Fwp%2Fv2%2Fcomments&post=722"}],"wp:featuredmedia":[{"embeddable":true,"href":"https:\/\/www.fiskiyemarketi.com\/index.php?rest_route=\/wp\/v2\/media\/733"}],"wp:attachment":[{"href":"https:\/\/www.fiskiyemarketi.com\/index.php?rest_route=%2Fwp%2Fv2%2Fmedia&parent=722"}],"wp:term":[{"taxonomy":"product_cat","embeddable":true,"href":"https:\/\/www.fiskiyemarketi.com\/index.php?rest_route=%2Fwp%2Fv2%2Fproduct_cat&post=722"},{"taxonomy":"product_tag","embeddable":true,"href":"https:\/\/www.fiskiyemarketi.com\/index.php?rest_route=%2Fwp%2Fv2%2Fproduct_tag&post=722"}],"curies":[{"name":"wp","href":"https:\/\/api.w.org\/{rel}","templated":true}]}}