{"id":68,"date":"2018-08-27T12:50:16","date_gmt":"2018-08-27T12:50:16","guid":{"rendered":"https:\/\/www.fiskiyemarketi.com\/?post_type=product&#038;p=68"},"modified":"2024-01-09T12:40:24","modified_gmt":"2024-01-09T12:40:24","slug":"900-25-yarim-kure","status":"publish","type":"product","link":"https:\/\/www.fiskiyemarketi.com\/?product=900-25-yarim-kure","title":{"rendered":"900-25 YARIM K\u00dcRE NOZUL"},"content":{"rendered":"<p class=\"product_title entry-title\">Komple paslanmaz malzemeden imal edilmi\u015f olan sistemde;<\/p>\n<p class=\"product_title entry-title\">25 adet kol bulunmakta,<\/p>\n<p>\u00c7ap\u0131 90 cm,<\/p>\n<p>Ba\u011flant\u0131 a\u011fz\u0131 4&#8221; giri\u015flidir.<\/p>\n<p>&nbsp;<\/p>\n","protected":false},"excerpt":{"rendered":"<h3 class=\"product_title entry-title\">900-25 YARIM K\u00dcRE<\/h3>\n","protected":false},"featured_media":388,"comment_status":"closed","ping_status":"closed","template":"","meta":[],"product_cat":[15,17,33],"product_tag":[43,196,197,165,183,185,181,182,160,194,162,172,169,184,187,190,163,168,171,180,158,173,191,193,189,192,166,167,170,164,188,195],"_links":{"self":[{"href":"https:\/\/www.fiskiyemarketi.com\/index.php?rest_route=\/wp\/v2\/product\/68"}],"collection":[{"href":"https:\/\/www.fiskiyemarketi.com\/index.php?rest_route=\/wp\/v2\/product"}],"about":[{"href":"https:\/\/www.fiskiyemarketi.com\/index.php?rest_route=\/wp\/v2\/types\/product"}],"replies":[{"embeddable":true,"href":"https:\/\/www.fiskiyemarketi.com\/index.php?rest_route=%2Fwp%2Fv2%2Fcomments&post=68"}],"wp:featuredmedia":[{"embeddable":true,"href":"https:\/\/www.fiskiyemarketi.com\/index.php?rest_route=\/wp\/v2\/media\/388"}],"wp:attachment":[{"href":"https:\/\/www.fiskiyemarketi.com\/index.php?rest_route=%2Fwp%2Fv2%2Fmedia&parent=68"}],"wp:term":[{"taxonomy":"product_cat","embeddable":true,"href":"https:\/\/www.fiskiyemarketi.com\/index.php?rest_route=%2Fwp%2Fv2%2Fproduct_cat&post=68"},{"taxonomy":"product_tag","embeddable":true,"href":"https:\/\/www.fiskiyemarketi.com\/index.php?rest_route=%2Fwp%2Fv2%2Fproduct_tag&post=68"}],"curies":[{"name":"wp","href":"https:\/\/api.w.org\/{rel}","templated":true}]}}