{"id":668,"date":"2024-01-09T14:07:09","date_gmt":"2024-01-09T14:07:09","guid":{"rendered":"https:\/\/www.fiskiyemarketi.com\/?post_type=product&#038;p=668"},"modified":"2025-11-24T12:16:24","modified_gmt":"2025-11-24T12:16:24","slug":"fiberglass-polyester-makine-dairesi-kapagi-60x60-cm","status":"publish","type":"product","link":"https:\/\/www.fiskiyemarketi.com\/?product=fiberglass-polyester-makine-dairesi-kapagi-60x60-cm","title":{"rendered":"F\u0130BERGLASS-POLYESTER MAK\u0130NE DA\u0130RES\u0130 KAPA\u011eI 60X60 CM"},"content":{"rendered":"","protected":false},"excerpt":{"rendered":"","protected":false},"featured_media":692,"comment_status":"closed","ping_status":"closed","template":"","meta":[],"product_cat":[15,81],"product_tag":[165,179,219,217,221,160,162,172,169,218,163,168,171,158,173,216,220,166,167,170,164],"_links":{"self":[{"href":"https:\/\/www.fiskiyemarketi.com\/index.php?rest_route=\/wp\/v2\/product\/668"}],"collection":[{"href":"https:\/\/www.fiskiyemarketi.com\/index.php?rest_route=\/wp\/v2\/product"}],"about":[{"href":"https:\/\/www.fiskiyemarketi.com\/index.php?rest_route=\/wp\/v2\/types\/product"}],"replies":[{"embeddable":true,"href":"https:\/\/www.fiskiyemarketi.com\/index.php?rest_route=%2Fwp%2Fv2%2Fcomments&post=668"}],"wp:featuredmedia":[{"embeddable":true,"href":"https:\/\/www.fiskiyemarketi.com\/index.php?rest_route=\/wp\/v2\/media\/692"}],"wp:attachment":[{"href":"https:\/\/www.fiskiyemarketi.com\/index.php?rest_route=%2Fwp%2Fv2%2Fmedia&parent=668"}],"wp:term":[{"taxonomy":"product_cat","embeddable":true,"href":"https:\/\/www.fiskiyemarketi.com\/index.php?rest_route=%2Fwp%2Fv2%2Fproduct_cat&post=668"},{"taxonomy":"product_tag","embeddable":true,"href":"https:\/\/www.fiskiyemarketi.com\/index.php?rest_route=%2Fwp%2Fv2%2Fproduct_tag&post=668"}],"curies":[{"name":"wp","href":"https:\/\/api.w.org\/{rel}","templated":true}]}}