{"id":45,"date":"2018-08-27T10:27:47","date_gmt":"2018-08-27T10:27:47","guid":{"rendered":"https:\/\/www.fiskiyemarketi.com\/?post_type=product&#038;p=45"},"modified":"2024-01-09T11:50:22","modified_gmt":"2024-01-09T11:50:22","slug":"50-t-kaskat-kopuk-nozul","status":"publish","type":"product","link":"https:\/\/www.fiskiyemarketi.com\/?product=50-t-kaskat-kopuk-nozul","title":{"rendered":"50 T KASKAT K\u00d6P\u00dcK NOZUL"},"content":{"rendered":"","protected":false},"excerpt":{"rendered":"<p>50 T KASKAT K\u00d6P\u00dcK NOZUL<\/p>\n","protected":false},"featured_media":301,"comment_status":"closed","ping_status":"closed","template":"","meta":[],"product_cat":[15,27],"product_tag":[196,197,165,183,185,181,182,160,194,162,172,169,184,187,190,163,168,171,180,158,173,191,193,189,192,166,167,170,164,188,195],"_links":{"self":[{"href":"https:\/\/www.fiskiyemarketi.com\/index.php?rest_route=\/wp\/v2\/product\/45"}],"collection":[{"href":"https:\/\/www.fiskiyemarketi.com\/index.php?rest_route=\/wp\/v2\/product"}],"about":[{"href":"https:\/\/www.fiskiyemarketi.com\/index.php?rest_route=\/wp\/v2\/types\/product"}],"replies":[{"embeddable":true,"href":"https:\/\/www.fiskiyemarketi.com\/index.php?rest_route=%2Fwp%2Fv2%2Fcomments&post=45"}],"wp:featuredmedia":[{"embeddable":true,"href":"https:\/\/www.fiskiyemarketi.com\/index.php?rest_route=\/wp\/v2\/media\/301"}],"wp:attachment":[{"href":"https:\/\/www.fiskiyemarketi.com\/index.php?rest_route=%2Fwp%2Fv2%2Fmedia&parent=45"}],"wp:term":[{"taxonomy":"product_cat","embeddable":true,"href":"https:\/\/www.fiskiyemarketi.com\/index.php?rest_route=%2Fwp%2Fv2%2Fproduct_cat&post=45"},{"taxonomy":"product_tag","embeddable":true,"href":"https:\/\/www.fiskiyemarketi.com\/index.php?rest_route=%2Fwp%2Fv2%2Fproduct_tag&post=45"}],"curies":[{"name":"wp","href":"https:\/\/api.w.org\/{rel}","templated":true}]}}