{"id":375,"date":"2018-12-21T11:42:38","date_gmt":"2018-12-21T11:42:38","guid":{"rendered":"https:\/\/www.fiskiyemarketi.com\/?post_type=product&#038;p=375"},"modified":"2025-11-24T12:59:30","modified_gmt":"2025-11-24T12:59:30","slug":"6x1-watt-delikli-rgb-su-alti-aydinlatma-armaturu","status":"publish","type":"product","link":"https:\/\/www.fiskiyemarketi.com\/?product=6x1-watt-delikli-rgb-su-alti-aydinlatma-armaturu","title":{"rendered":"6X1 WATT DEL\u0130KL\u0130 RGB SU ALTI AYDINLATMA ARMAT\u00dcR\u00dc"},"content":{"rendered":"","protected":false},"excerpt":{"rendered":"","protected":false},"featured_media":376,"comment_status":"closed","ping_status":"closed","template":"","meta":[],"product_cat":[15,18],"product_tag":[165,183,185,181,182,160,162,172,169,184,163,168,171,180,158,173,166,167,170,164],"_links":{"self":[{"href":"https:\/\/www.fiskiyemarketi.com\/index.php?rest_route=\/wp\/v2\/product\/375"}],"collection":[{"href":"https:\/\/www.fiskiyemarketi.com\/index.php?rest_route=\/wp\/v2\/product"}],"about":[{"href":"https:\/\/www.fiskiyemarketi.com\/index.php?rest_route=\/wp\/v2\/types\/product"}],"replies":[{"embeddable":true,"href":"https:\/\/www.fiskiyemarketi.com\/index.php?rest_route=%2Fwp%2Fv2%2Fcomments&post=375"}],"wp:featuredmedia":[{"embeddable":true,"href":"https:\/\/www.fiskiyemarketi.com\/index.php?rest_route=\/wp\/v2\/media\/376"}],"wp:attachment":[{"href":"https:\/\/www.fiskiyemarketi.com\/index.php?rest_route=%2Fwp%2Fv2%2Fmedia&parent=375"}],"wp:term":[{"taxonomy":"product_cat","embeddable":true,"href":"https:\/\/www.fiskiyemarketi.com\/index.php?rest_route=%2Fwp%2Fv2%2Fproduct_cat&post=375"},{"taxonomy":"product_tag","embeddable":true,"href":"https:\/\/www.fiskiyemarketi.com\/index.php?rest_route=%2Fwp%2Fv2%2Fproduct_tag&post=375"}],"curies":[{"name":"wp","href":"https:\/\/api.w.org\/{rel}","templated":true}]}}