{"id":367,"date":"2018-12-21T11:29:27","date_gmt":"2018-12-21T11:29:27","guid":{"rendered":"https:\/\/www.fiskiyemarketi.com\/?post_type=product&#038;p=367"},"modified":"2025-11-24T13:01:31","modified_gmt":"2025-11-24T13:01:31","slug":"6x1-krom-tip-su-alti-aydinlatma","status":"publish","type":"product","link":"https:\/\/www.fiskiyemarketi.com\/?product=6x1-krom-tip-su-alti-aydinlatma","title":{"rendered":"6X1 WATT KROM T\u0130P SU ALTI AYDINLATMA ARMAT\u00dcR\u00dc"},"content":{"rendered":"<p>6X1 KROM T\u0130P SU ALTI AYDINLATMA<\/p>\n","protected":false},"excerpt":{"rendered":"<p>6X1 KROM T\u0130P SU ALTI AYDINLATMA<\/p>\n","protected":false},"featured_media":368,"comment_status":"closed","ping_status":"closed","template":"","meta":[],"product_cat":[15,18],"product_tag":[165,183,185,181,182,160,162,172,169,184,163,168,171,180,158,173,166,167,170,164],"_links":{"self":[{"href":"https:\/\/www.fiskiyemarketi.com\/index.php?rest_route=\/wp\/v2\/product\/367"}],"collection":[{"href":"https:\/\/www.fiskiyemarketi.com\/index.php?rest_route=\/wp\/v2\/product"}],"about":[{"href":"https:\/\/www.fiskiyemarketi.com\/index.php?rest_route=\/wp\/v2\/types\/product"}],"replies":[{"embeddable":true,"href":"https:\/\/www.fiskiyemarketi.com\/index.php?rest_route=%2Fwp%2Fv2%2Fcomments&post=367"}],"wp:featuredmedia":[{"embeddable":true,"href":"https:\/\/www.fiskiyemarketi.com\/index.php?rest_route=\/wp\/v2\/media\/368"}],"wp:attachment":[{"href":"https:\/\/www.fiskiyemarketi.com\/index.php?rest_route=%2Fwp%2Fv2%2Fmedia&parent=367"}],"wp:term":[{"taxonomy":"product_cat","embeddable":true,"href":"https:\/\/www.fiskiyemarketi.com\/index.php?rest_route=%2Fwp%2Fv2%2Fproduct_cat&post=367"},{"taxonomy":"product_tag","embeddable":true,"href":"https:\/\/www.fiskiyemarketi.com\/index.php?rest_route=%2Fwp%2Fv2%2Fproduct_tag&post=367"}],"curies":[{"name":"wp","href":"https:\/\/api.w.org\/{rel}","templated":true}]}}