{"id":344,"date":"2018-12-21T10:01:58","date_gmt":"2018-12-21T10:01:58","guid":{"rendered":"https:\/\/www.fiskiyemarketi.com\/?post_type=product&#038;p=344"},"modified":"2024-01-09T12:06:04","modified_gmt":"2024-01-09T12:06:04","slug":"500-x-600-mm-kugu-tip-selale","status":"publish","type":"product","link":"https:\/\/www.fiskiyemarketi.com\/?product=500-x-600-mm-kugu-tip-selale","title":{"rendered":"500 X 600 MM KU\u011eU T\u0130P \u015eELALE"},"content":{"rendered":"","protected":false},"excerpt":{"rendered":"","protected":false},"featured_media":343,"comment_status":"closed","ping_status":"closed","template":"","meta":[],"product_cat":[15,17,29],"product_tag":[165,183,185,181,182,160,162,172,169,184,163,168,171,180,158,173,166,167,170,164],"_links":{"self":[{"href":"https:\/\/www.fiskiyemarketi.com\/index.php?rest_route=\/wp\/v2\/product\/344"}],"collection":[{"href":"https:\/\/www.fiskiyemarketi.com\/index.php?rest_route=\/wp\/v2\/product"}],"about":[{"href":"https:\/\/www.fiskiyemarketi.com\/index.php?rest_route=\/wp\/v2\/types\/product"}],"replies":[{"embeddable":true,"href":"https:\/\/www.fiskiyemarketi.com\/index.php?rest_route=%2Fwp%2Fv2%2Fcomments&post=344"}],"wp:featuredmedia":[{"embeddable":true,"href":"https:\/\/www.fiskiyemarketi.com\/index.php?rest_route=\/wp\/v2\/media\/343"}],"wp:attachment":[{"href":"https:\/\/www.fiskiyemarketi.com\/index.php?rest_route=%2Fwp%2Fv2%2Fmedia&parent=344"}],"wp:term":[{"taxonomy":"product_cat","embeddable":true,"href":"https:\/\/www.fiskiyemarketi.com\/index.php?rest_route=%2Fwp%2Fv2%2Fproduct_cat&post=344"},{"taxonomy":"product_tag","embeddable":true,"href":"https:\/\/www.fiskiyemarketi.com\/index.php?rest_route=%2Fwp%2Fv2%2Fproduct_tag&post=344"}],"curies":[{"name":"wp","href":"https:\/\/api.w.org\/{rel}","templated":true}]}}