{"id":223,"date":"2018-09-10T10:21:01","date_gmt":"2018-09-10T10:21:01","guid":{"rendered":"https:\/\/www.fiskiyemarketi.com\/?page_id=223"},"modified":"2020-06-23T08:11:48","modified_gmt":"2020-06-23T08:11:48","slug":"hesap-numaralari","status":"publish","type":"page","link":"https:\/\/www.fiskiyemarketi.com\/?page_id=223","title":{"rendered":"HESAP NUMARALARI"},"content":{"rendered":"\n<p> <\/p>\n\n\n\n<p><\/p>\n\n\n\n<p>HESAP ADI :FISK\u0130YE MARKET\u0130<\/p>\n\n\n\n<p>BANKA : Z\u0130RAAT <\/p>\n\n\n\n<p>IBAN NO : TR 6600 0100 2709 4204 5637 5004<br><\/p>\n","protected":false},"excerpt":{"rendered":"<p>HESAP ADI :FISK\u0130YE MARKET\u0130 BANKA : Z\u0130RAAT IBAN NO : TR 6600 0100 2709 4204 5637 5004<\/p>\n","protected":false},"author":1,"featured_media":0,"parent":0,"menu_order":0,"comment_status":"closed","ping_status":"closed","template":"","meta":[],"_links":{"self":[{"href":"https:\/\/www.fiskiyemarketi.com\/index.php?rest_route=\/wp\/v2\/pages\/223"}],"collection":[{"href":"https:\/\/www.fiskiyemarketi.com\/index.php?rest_route=\/wp\/v2\/pages"}],"about":[{"href":"https:\/\/www.fiskiyemarketi.com\/index.php?rest_route=\/wp\/v2\/types\/page"}],"author":[{"embeddable":true,"href":"https:\/\/www.fiskiyemarketi.com\/index.php?rest_route=\/wp\/v2\/users\/1"}],"replies":[{"embeddable":true,"href":"https:\/\/www.fiskiyemarketi.com\/index.php?rest_route=%2Fwp%2Fv2%2Fcomments&post=223"}],"version-history":[{"count":8,"href":"https:\/\/www.fiskiyemarketi.com\/index.php?rest_route=\/wp\/v2\/pages\/223\/revisions"}],"predecessor-version":[{"id":580,"href":"https:\/\/www.fiskiyemarketi.com\/index.php?rest_route=\/wp\/v2\/pages\/223\/revisions\/580"}],"wp:attachment":[{"href":"https:\/\/www.fiskiyemarketi.com\/index.php?rest_route=%2Fwp%2Fv2%2Fmedia&parent=223"}],"curies":[{"name":"wp","href":"https:\/\/api.w.org\/{rel}","templated":true}]}}